{"id":99930,"date":"2024-03-20T12:26:30","date_gmt":"2024-03-20T11:26:30","guid":{"rendered":"https:\/\/staging.midbectapeter.se\/kollektion\/uncategorized\/lilja-33030\/"},"modified":"2022-10-21T15:02:48","modified_gmt":"2022-10-21T13:02:48","slug":"lilja-33030","status":"publish","type":"product","link":"https:\/\/staging.midbectapeter.se\/en\/collection\/apelviken\/lilja-33030\/","title":{"rendered":"Lilja &#8211; 33030"},"content":{"rendered":"","protected":false},"excerpt":{"rendered":"","protected":false},"featured_media":123738,"comment_status":"closed","ping_status":"closed","template":"","meta":{"_acf_changed":false},"product_brand":[],"product_cat":[223],"product_tag":[],"texture_surface":[221,213],"designers":[219],"cat_colors":[],"cat_patterns":[],"cat_styles":[],"cat_rooms":[],"class_list":{"0":"post-99930","1":"product","2":"type-product","3":"status-publish","4":"has-post-thumbnail","6":"product_cat-apelviken","7":"texture_surface-smooth","8":"texture_surface-matt-engelska","9":"designers-hanna-wendelbo-en","11":"first","12":"instock","13":"taxable","14":"shipping-taxable","15":"purchasable","16":"product-type-variable"},"acf":{"visible_in_wallpaper_tool":true,"wallpaper_size_setting_1":100,"wallpaper_size_setting_2":500,"wallpaper_size_setting_3":500},"yoast_head":"<!-- This site is optimized with the Yoast SEO plugin v26.8 - https:\/\/yoast.com\/product\/yoast-seo-wordpress\/ -->\n<title>Tapetm\u00f6nster Lilja - 33030 | Midbec Tapeter<\/title>\n<meta name=\"robots\" content=\"noindex, follow, max-snippet:-1, max-image-preview:large, max-video-preview:-1\" \/>\n<meta property=\"og:locale\" content=\"en_US\" \/>\n<meta property=\"og:type\" content=\"article\" \/>\n<meta property=\"og:title\" content=\"Tapetm\u00f6nster Lilja - 33030 | Midbec Tapeter\" \/>\n<meta property=\"og:url\" content=\"https:\/\/staging.midbectapeter.se\/en\/collection\/apelviken\/lilja-33030\/\" \/>\n<meta property=\"og:site_name\" content=\"Midbec 2.0 [DEV]\" \/>\n<meta property=\"article:publisher\" content=\"https:\/\/www.facebook.com\/midbectapeter\" \/>\n<meta property=\"og:image\" content=\"https:\/\/staging.midbectapeter.se\/wp-content\/uploads\/33030.jpg\" \/>\n\t<meta property=\"og:image:width\" content=\"1000\" \/>\n\t<meta property=\"og:image:height\" content=\"1000\" \/>\n\t<meta property=\"og:image:type\" content=\"image\/jpeg\" \/>\n<meta name=\"twitter:card\" content=\"summary_large_image\" \/>\n<script type=\"application\/ld+json\" class=\"yoast-schema-graph\">{\"@context\":\"https:\/\/schema.org\",\"@graph\":[{\"@type\":\"WebPage\",\"@id\":\"https:\/\/staging.midbectapeter.se\/en\/collection\/apelviken\/lilja-33030\/\",\"url\":\"https:\/\/staging.midbectapeter.se\/en\/collection\/apelviken\/lilja-33030\/\",\"name\":\"Tapetm\u00f6nster Lilja - 33030 | Midbec Tapeter\",\"isPartOf\":{\"@id\":\"https:\/\/staging.midbectapeter.se\/en\/#website\"},\"primaryImageOfPage\":{\"@id\":\"https:\/\/staging.midbectapeter.se\/en\/collection\/apelviken\/lilja-33030\/#primaryimage\"},\"image\":{\"@id\":\"https:\/\/staging.midbectapeter.se\/en\/collection\/apelviken\/lilja-33030\/#primaryimage\"},\"thumbnailUrl\":\"https:\/\/staging.midbectapeter.se\/wp-content\/uploads\/33030.jpg\",\"datePublished\":\"2024-03-20T11:26:30+00:00\",\"breadcrumb\":{\"@id\":\"https:\/\/staging.midbectapeter.se\/en\/collection\/apelviken\/lilja-33030\/#breadcrumb\"},\"inLanguage\":\"en-US\",\"potentialAction\":[{\"@type\":\"ReadAction\",\"target\":[\"https:\/\/staging.midbectapeter.se\/en\/collection\/apelviken\/lilja-33030\/\"]}]},{\"@type\":\"ImageObject\",\"inLanguage\":\"en-US\",\"@id\":\"https:\/\/staging.midbectapeter.se\/en\/collection\/apelviken\/lilja-33030\/#primaryimage\",\"url\":\"https:\/\/staging.midbectapeter.se\/wp-content\/uploads\/33030.jpg\",\"contentUrl\":\"https:\/\/staging.midbectapeter.se\/wp-content\/uploads\/33030.jpg\",\"width\":1000,\"height\":1000,\"caption\":\"Gr\u00f6n tapet med Blommigt, , Sm\u00e5m\u00f6nstrat m\u00f6nster\"},{\"@type\":\"BreadcrumbList\",\"@id\":\"https:\/\/staging.midbectapeter.se\/en\/collection\/apelviken\/lilja-33030\/#breadcrumb\",\"itemListElement\":[{\"@type\":\"ListItem\",\"position\":1,\"name\":\"Hem\",\"item\":\"https:\/\/staging.midbectapeter.se\/en\/\"},{\"@type\":\"ListItem\",\"position\":2,\"name\":\"Products\",\"item\":\"https:\/\/staging.midbectapeter.se\/en\/shop\/\"},{\"@type\":\"ListItem\",\"position\":3,\"name\":\"Lilja &#8211; 33030\"}]},{\"@type\":\"WebSite\",\"@id\":\"https:\/\/staging.midbectapeter.se\/en\/#website\",\"url\":\"https:\/\/staging.midbectapeter.se\/en\/\",\"name\":\"Midbec 2.0 [DEV]\",\"description\":\"\",\"publisher\":{\"@id\":\"https:\/\/staging.midbectapeter.se\/en\/#organization\"},\"potentialAction\":[{\"@type\":\"SearchAction\",\"target\":{\"@type\":\"EntryPoint\",\"urlTemplate\":\"https:\/\/staging.midbectapeter.se\/en\/?s={search_term_string}\"},\"query-input\":{\"@type\":\"PropertyValueSpecification\",\"valueRequired\":true,\"valueName\":\"search_term_string\"}}],\"inLanguage\":\"en-US\"},{\"@type\":\"Organization\",\"@id\":\"https:\/\/staging.midbectapeter.se\/en\/#organization\",\"name\":\"Midbec Tapeter\",\"url\":\"https:\/\/staging.midbectapeter.se\/en\/\",\"logo\":{\"@type\":\"ImageObject\",\"inLanguage\":\"en-US\",\"@id\":\"https:\/\/staging.midbectapeter.se\/en\/#\/schema\/logo\/image\/\",\"url\":\"https:\/\/staging.midbectapeter.se\/wp-content\/uploads\/2022\/02\/midbec-logo-black.svg\",\"contentUrl\":\"https:\/\/staging.midbectapeter.se\/wp-content\/uploads\/2022\/02\/midbec-logo-black.svg\",\"width\":1,\"height\":1,\"caption\":\"Midbec Tapeter\"},\"image\":{\"@id\":\"https:\/\/staging.midbectapeter.se\/en\/#\/schema\/logo\/image\/\"},\"sameAs\":[\"https:\/\/www.facebook.com\/midbectapeter\",\"https:\/\/www.instagram.com\/midbectapeter\/\",\"https:\/\/www.pinterest.se\/midbec\/\"]},{\"@type\":\"Product\",\"name\":\"Lilja - 33030\",\"image\":[\"https:\/\/staging.midbectapeter.se\/wp-content\/uploads\/33030.jpg\",\"https:\/\/staging.midbectapeter.se\/wp-content\/uploads\/33030__hall__1__tapet-2.jpg\",\"https:\/\/staging.midbectapeter.se\/wp-content\/uploads\/33030__xdesign.jpg\"],\"offers\":{\"@type\":\"Offer\",\"priceCurrency\":\"SEK\",\"price\":\"\",\"availability\":\"https:\/\/schema.org\/InStock\",\"url\":\"https:\/\/staging.midbectapeter.se\/en\/collection\/apelviken\/lilja-33030\/\"},\"description\":\"\",\"brand\":{\"@type\":\"Brand\",\"name\":\"Midbec Tapeter\"},\"sku\":\"33030\",\"category\":\"Apelviken\",\"material\":\"Non-woven\",\"color\":\"Green\",\"productID\":99930}]}<\/script>\n<!-- \/ Yoast SEO plugin. -->","yoast_head_json":{"title":"Tapetm\u00f6nster Lilja - 33030 | Midbec Tapeter","robots":{"index":"noindex","follow":"follow","max-snippet":"max-snippet:-1","max-image-preview":"max-image-preview:large","max-video-preview":"max-video-preview:-1"},"og_locale":"en_US","og_type":"article","og_title":"Tapetm\u00f6nster Lilja - 33030 | Midbec Tapeter","og_url":"https:\/\/staging.midbectapeter.se\/en\/collection\/apelviken\/lilja-33030\/","og_site_name":"Midbec 2.0 [DEV]","article_publisher":"https:\/\/www.facebook.com\/midbectapeter","og_image":[{"width":1000,"height":1000,"url":"https:\/\/staging.midbectapeter.se\/wp-content\/uploads\/33030.jpg","type":"image\/jpeg"}],"twitter_card":"summary_large_image","schema":{"@context":"https:\/\/schema.org","@graph":[{"@type":"WebPage","@id":"https:\/\/staging.midbectapeter.se\/en\/collection\/apelviken\/lilja-33030\/","url":"https:\/\/staging.midbectapeter.se\/en\/collection\/apelviken\/lilja-33030\/","name":"Tapetm\u00f6nster Lilja - 33030 | Midbec Tapeter","isPartOf":{"@id":"https:\/\/staging.midbectapeter.se\/en\/#website"},"primaryImageOfPage":{"@id":"https:\/\/staging.midbectapeter.se\/en\/collection\/apelviken\/lilja-33030\/#primaryimage"},"image":{"@id":"https:\/\/staging.midbectapeter.se\/en\/collection\/apelviken\/lilja-33030\/#primaryimage"},"thumbnailUrl":"https:\/\/staging.midbectapeter.se\/wp-content\/uploads\/33030.jpg","datePublished":"2024-03-20T11:26:30+00:00","breadcrumb":{"@id":"https:\/\/staging.midbectapeter.se\/en\/collection\/apelviken\/lilja-33030\/#breadcrumb"},"inLanguage":"en-US","potentialAction":[{"@type":"ReadAction","target":["https:\/\/staging.midbectapeter.se\/en\/collection\/apelviken\/lilja-33030\/"]}]},{"@type":"ImageObject","inLanguage":"en-US","@id":"https:\/\/staging.midbectapeter.se\/en\/collection\/apelviken\/lilja-33030\/#primaryimage","url":"https:\/\/staging.midbectapeter.se\/wp-content\/uploads\/33030.jpg","contentUrl":"https:\/\/staging.midbectapeter.se\/wp-content\/uploads\/33030.jpg","width":1000,"height":1000,"caption":"Gr\u00f6n tapet med Blommigt, , Sm\u00e5m\u00f6nstrat m\u00f6nster"},{"@type":"BreadcrumbList","@id":"https:\/\/staging.midbectapeter.se\/en\/collection\/apelviken\/lilja-33030\/#breadcrumb","itemListElement":[{"@type":"ListItem","position":1,"name":"Hem","item":"https:\/\/staging.midbectapeter.se\/en\/"},{"@type":"ListItem","position":2,"name":"Products","item":"https:\/\/staging.midbectapeter.se\/en\/shop\/"},{"@type":"ListItem","position":3,"name":"Lilja &#8211; 33030"}]},{"@type":"WebSite","@id":"https:\/\/staging.midbectapeter.se\/en\/#website","url":"https:\/\/staging.midbectapeter.se\/en\/","name":"Midbec 2.0 [DEV]","description":"","publisher":{"@id":"https:\/\/staging.midbectapeter.se\/en\/#organization"},"potentialAction":[{"@type":"SearchAction","target":{"@type":"EntryPoint","urlTemplate":"https:\/\/staging.midbectapeter.se\/en\/?s={search_term_string}"},"query-input":{"@type":"PropertyValueSpecification","valueRequired":true,"valueName":"search_term_string"}}],"inLanguage":"en-US"},{"@type":"Organization","@id":"https:\/\/staging.midbectapeter.se\/en\/#organization","name":"Midbec Tapeter","url":"https:\/\/staging.midbectapeter.se\/en\/","logo":{"@type":"ImageObject","inLanguage":"en-US","@id":"https:\/\/staging.midbectapeter.se\/en\/#\/schema\/logo\/image\/","url":"https:\/\/staging.midbectapeter.se\/wp-content\/uploads\/2022\/02\/midbec-logo-black.svg","contentUrl":"https:\/\/staging.midbectapeter.se\/wp-content\/uploads\/2022\/02\/midbec-logo-black.svg","width":1,"height":1,"caption":"Midbec Tapeter"},"image":{"@id":"https:\/\/staging.midbectapeter.se\/en\/#\/schema\/logo\/image\/"},"sameAs":["https:\/\/www.facebook.com\/midbectapeter","https:\/\/www.instagram.com\/midbectapeter\/","https:\/\/www.pinterest.se\/midbec\/"]},{"@type":"Product","name":"Lilja - 33030","image":["https:\/\/staging.midbectapeter.se\/wp-content\/uploads\/33030.jpg","https:\/\/staging.midbectapeter.se\/wp-content\/uploads\/33030__hall__1__tapet-2.jpg","https:\/\/staging.midbectapeter.se\/wp-content\/uploads\/33030__xdesign.jpg"],"offers":{"@type":"Offer","priceCurrency":"SEK","price":"","availability":"https:\/\/schema.org\/InStock","url":"https:\/\/staging.midbectapeter.se\/en\/collection\/apelviken\/lilja-33030\/"},"description":"","brand":{"@type":"Brand","name":"Midbec Tapeter"},"sku":"33030","category":"Apelviken","material":"Non-woven","color":"Green","productID":99930}]}},"_links":{"self":[{"href":"https:\/\/staging.midbectapeter.se\/en\/wp-json\/wp\/v2\/product\/99930","targetHints":{"allow":["GET"]}}],"collection":[{"href":"https:\/\/staging.midbectapeter.se\/en\/wp-json\/wp\/v2\/product"}],"about":[{"href":"https:\/\/staging.midbectapeter.se\/en\/wp-json\/wp\/v2\/types\/product"}],"replies":[{"embeddable":true,"href":"https:\/\/staging.midbectapeter.se\/en\/wp-json\/wp\/v2\/comments?post=99930"}],"wp:featuredmedia":[{"embeddable":true,"href":"https:\/\/staging.midbectapeter.se\/en\/wp-json\/wp\/v2\/media\/123738"}],"wp:attachment":[{"href":"https:\/\/staging.midbectapeter.se\/en\/wp-json\/wp\/v2\/media?parent=99930"}],"wp:term":[{"taxonomy":"product_brand","embeddable":true,"href":"https:\/\/staging.midbectapeter.se\/en\/wp-json\/wp\/v2\/product_brand?post=99930"},{"taxonomy":"product_cat","embeddable":true,"href":"https:\/\/staging.midbectapeter.se\/en\/wp-json\/wp\/v2\/product_cat?post=99930"},{"taxonomy":"product_tag","embeddable":true,"href":"https:\/\/staging.midbectapeter.se\/en\/wp-json\/wp\/v2\/product_tag?post=99930"},{"taxonomy":"texture_surface","embeddable":true,"href":"https:\/\/staging.midbectapeter.se\/en\/wp-json\/wp\/v2\/texture_surface?post=99930"},{"taxonomy":"designers","embeddable":true,"href":"https:\/\/staging.midbectapeter.se\/en\/wp-json\/wp\/v2\/designers?post=99930"},{"taxonomy":"cat_colors","embeddable":true,"href":"https:\/\/staging.midbectapeter.se\/en\/wp-json\/wp\/v2\/cat_colors?post=99930"},{"taxonomy":"cat_patterns","embeddable":true,"href":"https:\/\/staging.midbectapeter.se\/en\/wp-json\/wp\/v2\/cat_patterns?post=99930"},{"taxonomy":"cat_styles","embeddable":true,"href":"https:\/\/staging.midbectapeter.se\/en\/wp-json\/wp\/v2\/cat_styles?post=99930"},{"taxonomy":"cat_rooms","embeddable":true,"href":"https:\/\/staging.midbectapeter.se\/en\/wp-json\/wp\/v2\/cat_rooms?post=99930"}],"curies":[{"name":"wp","href":"https:\/\/api.w.org\/{rel}","templated":true}]}}