{"id":138382,"date":"2024-04-17T14:27:41","date_gmt":"2024-04-17T12:27:41","guid":{"rendered":"https:\/\/staging.midbectapeter.se\/kollektion\/uncategorized\/11004\/"},"modified":"2024-06-27T09:26:11","modified_gmt":"2024-06-27T07:26:11","slug":"11004","status":"publish","type":"product","link":"https:\/\/staging.midbectapeter.se\/en\/collection\/annuell-en\/11004\/","title":{"rendered":"11004 EN"},"content":{"rendered":"<p>Skapa ett varmt och v\u00e4lkomnande hem med detta h\u00e4rliga m\u00f6nster designat av Bj\u00f6rn Nilsson. Denna tapet med neutral brungr\u00e5 botten \u00e4r fylld av vackra blommor som sitter t\u00e4tt intill varandra. Finns i ytterligare fem f\u00e4rgst\u00e4llningar.<\/p>\n","protected":false},"excerpt":{"rendered":"<p>Skapa ett varmt och v\u00e4lkomnande hem med detta h\u00e4rliga m\u00f6nster designat av Bj\u00f6rn Nilsson. Denna tapet med neutral brungr\u00e5 botten \u00e4r fylld av vackra blommor som sitter t\u00e4tt intill varandra. Finns i ytterligare fem f\u00e4rgst\u00e4llningar.<\/p>\n","protected":false},"featured_media":120118,"comment_status":"closed","ping_status":"closed","template":"","meta":{"_acf_changed":false},"product_brand":[],"product_cat":[335],"product_tag":[],"texture_surface":[213],"designers":[336],"cat_colors":[257],"cat_patterns":[249,250],"cat_styles":[255,254,256],"cat_rooms":[],"class_list":{"0":"post-138382","1":"product","2":"type-product","3":"status-publish","4":"has-post-thumbnail","6":"product_cat-annuell-en","7":"texture_surface-matt-engelska","8":"designers-bjorn-nilsson-en","9":"cat_colors-gra","10":"cat_patterns-blommigt","11":"cat_patterns-stormonstrat","12":"cat_styles-gammaldags","13":"cat_styles-klassisk","14":"cat_styles-romantisk","16":"first","17":"instock","18":"taxable","19":"shipping-taxable","20":"purchasable","21":"product-type-variable"},"acf":{"visible_in_wallpaper_tool":true,"wallpaper_size_setting_1":100,"wallpaper_size_setting_2":500,"wallpaper_size_setting_3":500},"yoast_head":"<!-- This site is optimized with the Yoast SEO plugin v26.8 - https:\/\/yoast.com\/product\/yoast-seo-wordpress\/ -->\n<title>Tapetm\u00f6nster 11004 EN | Midbec Tapeter<\/title>\n<meta name=\"robots\" content=\"noindex, follow, max-snippet:-1, max-image-preview:large, max-video-preview:-1\" \/>\n<meta property=\"og:locale\" content=\"en_US\" \/>\n<meta property=\"og:type\" content=\"article\" \/>\n<meta property=\"og:title\" content=\"Tapetm\u00f6nster 11004 EN | Midbec Tapeter\" \/>\n<meta property=\"og:description\" content=\"Skapa ett varmt och v\u00e4lkomnande hem med detta h\u00e4rliga m\u00f6nster designat av Bj\u00f6rn Nilsson. Denna tapet med neutral brungr\u00e5 botten \u00e4r fylld av vackra blommor som sitter t\u00e4tt intill varandra. Finns i ytterligare fem f\u00e4rgst\u00e4llningar.\" \/>\n<meta property=\"og:url\" content=\"https:\/\/staging.midbectapeter.se\/en\/collection\/annuell-en\/11004\/\" \/>\n<meta property=\"og:site_name\" content=\"Midbec 2.0 [DEV]\" \/>\n<meta property=\"article:publisher\" content=\"https:\/\/www.facebook.com\/midbectapeter\" \/>\n<meta property=\"article:modified_time\" content=\"2024-06-27T07:26:11+00:00\" \/>\n<meta property=\"og:image\" content=\"https:\/\/staging.midbectapeter.se\/wp-content\/uploads\/11004.jpg\" \/>\n\t<meta property=\"og:image:width\" content=\"500\" \/>\n\t<meta property=\"og:image:height\" content=\"500\" \/>\n\t<meta property=\"og:image:type\" content=\"image\/jpeg\" \/>\n<meta name=\"twitter:card\" content=\"summary_large_image\" \/>\n<script type=\"application\/ld+json\" class=\"yoast-schema-graph\">{\"@context\":\"https:\/\/schema.org\",\"@graph\":[{\"@type\":\"WebPage\",\"@id\":\"https:\/\/staging.midbectapeter.se\/en\/collection\/annuell-en\/11004\/\",\"url\":\"https:\/\/staging.midbectapeter.se\/en\/collection\/annuell-en\/11004\/\",\"name\":\"Tapetm\u00f6nster 11004 EN | Midbec Tapeter\",\"isPartOf\":{\"@id\":\"https:\/\/staging.midbectapeter.se\/en\/#website\"},\"primaryImageOfPage\":{\"@id\":\"https:\/\/staging.midbectapeter.se\/en\/collection\/annuell-en\/11004\/#primaryimage\"},\"image\":{\"@id\":\"https:\/\/staging.midbectapeter.se\/en\/collection\/annuell-en\/11004\/#primaryimage\"},\"thumbnailUrl\":\"https:\/\/staging.midbectapeter.se\/wp-content\/uploads\/11004.jpg\",\"datePublished\":\"2024-04-17T12:27:41+00:00\",\"dateModified\":\"2024-06-27T07:26:11+00:00\",\"breadcrumb\":{\"@id\":\"https:\/\/staging.midbectapeter.se\/en\/collection\/annuell-en\/11004\/#breadcrumb\"},\"inLanguage\":\"en-US\",\"potentialAction\":[{\"@type\":\"ReadAction\",\"target\":[\"https:\/\/staging.midbectapeter.se\/en\/collection\/annuell-en\/11004\/\"]}]},{\"@type\":\"ImageObject\",\"inLanguage\":\"en-US\",\"@id\":\"https:\/\/staging.midbectapeter.se\/en\/collection\/annuell-en\/11004\/#primaryimage\",\"url\":\"https:\/\/staging.midbectapeter.se\/wp-content\/uploads\/11004.jpg\",\"contentUrl\":\"https:\/\/staging.midbectapeter.se\/wp-content\/uploads\/11004.jpg\",\"width\":500,\"height\":500},{\"@type\":\"BreadcrumbList\",\"@id\":\"https:\/\/staging.midbectapeter.se\/en\/collection\/annuell-en\/11004\/#breadcrumb\",\"itemListElement\":[{\"@type\":\"ListItem\",\"position\":1,\"name\":\"Hem\",\"item\":\"https:\/\/staging.midbectapeter.se\/en\/\"},{\"@type\":\"ListItem\",\"position\":2,\"name\":\"Products\",\"item\":\"https:\/\/staging.midbectapeter.se\/en\/shop\/\"},{\"@type\":\"ListItem\",\"position\":3,\"name\":\"11004 EN\"}]},{\"@type\":\"WebSite\",\"@id\":\"https:\/\/staging.midbectapeter.se\/en\/#website\",\"url\":\"https:\/\/staging.midbectapeter.se\/en\/\",\"name\":\"Midbec 2.0 [DEV]\",\"description\":\"\",\"publisher\":{\"@id\":\"https:\/\/staging.midbectapeter.se\/en\/#organization\"},\"potentialAction\":[{\"@type\":\"SearchAction\",\"target\":{\"@type\":\"EntryPoint\",\"urlTemplate\":\"https:\/\/staging.midbectapeter.se\/en\/?s={search_term_string}\"},\"query-input\":{\"@type\":\"PropertyValueSpecification\",\"valueRequired\":true,\"valueName\":\"search_term_string\"}}],\"inLanguage\":\"en-US\"},{\"@type\":\"Organization\",\"@id\":\"https:\/\/staging.midbectapeter.se\/en\/#organization\",\"name\":\"Midbec Tapeter\",\"url\":\"https:\/\/staging.midbectapeter.se\/en\/\",\"logo\":{\"@type\":\"ImageObject\",\"inLanguage\":\"en-US\",\"@id\":\"https:\/\/staging.midbectapeter.se\/en\/#\/schema\/logo\/image\/\",\"url\":\"https:\/\/staging.midbectapeter.se\/wp-content\/uploads\/2022\/02\/midbec-logo-black.svg\",\"contentUrl\":\"https:\/\/staging.midbectapeter.se\/wp-content\/uploads\/2022\/02\/midbec-logo-black.svg\",\"width\":1,\"height\":1,\"caption\":\"Midbec Tapeter\"},\"image\":{\"@id\":\"https:\/\/staging.midbectapeter.se\/en\/#\/schema\/logo\/image\/\"},\"sameAs\":[\"https:\/\/www.facebook.com\/midbectapeter\",\"https:\/\/www.instagram.com\/midbectapeter\/\",\"https:\/\/www.pinterest.se\/midbec\/\"]},{\"@type\":\"Product\",\"name\":\"11004 EN\",\"image\":[\"https:\/\/staging.midbectapeter.se\/wp-content\/uploads\/11004.jpg\"],\"offers\":{\"@type\":\"Offer\",\"priceCurrency\":\"SEK\",\"price\":\"Ca:&nbsp;80\",\"availability\":\"https:\/\/schema.org\/InStock\",\"url\":\"https:\/\/staging.midbectapeter.se\/en\/collection\/annuell-en\/11004\/\"},\"description\":\"Skapa ett varmt och v\u00e4lkomnande hem med detta h\u00e4rliga m\u00f6nster designat av Bj\u00f6rn Nilsson. Denna tapet med neutral brungr\u00e5 botten \u00e4r fylld av vackra blommor som sitter t\u00e4tt intill varandra. Finns i ytterligare fem f\u00e4rgst\u00e4llningar.\",\"brand\":{\"@type\":\"Brand\",\"name\":\"Midbec Tapeter\"},\"sku\":\"11004\",\"category\":\"Annuell\",\"material\":\"Non-woven\",\"color\":\"Gray\",\"productID\":138382}]}<\/script>\n<!-- \/ Yoast SEO plugin. -->","yoast_head_json":{"title":"Tapetm\u00f6nster 11004 EN | Midbec Tapeter","robots":{"index":"noindex","follow":"follow","max-snippet":"max-snippet:-1","max-image-preview":"max-image-preview:large","max-video-preview":"max-video-preview:-1"},"og_locale":"en_US","og_type":"article","og_title":"Tapetm\u00f6nster 11004 EN | Midbec Tapeter","og_description":"Skapa ett varmt och v\u00e4lkomnande hem med detta h\u00e4rliga m\u00f6nster designat av Bj\u00f6rn Nilsson. Denna tapet med neutral brungr\u00e5 botten \u00e4r fylld av vackra blommor som sitter t\u00e4tt intill varandra. Finns i ytterligare fem f\u00e4rgst\u00e4llningar.","og_url":"https:\/\/staging.midbectapeter.se\/en\/collection\/annuell-en\/11004\/","og_site_name":"Midbec 2.0 [DEV]","article_publisher":"https:\/\/www.facebook.com\/midbectapeter","article_modified_time":"2024-06-27T07:26:11+00:00","og_image":[{"width":500,"height":500,"url":"https:\/\/staging.midbectapeter.se\/wp-content\/uploads\/11004.jpg","type":"image\/jpeg"}],"twitter_card":"summary_large_image","schema":{"@context":"https:\/\/schema.org","@graph":[{"@type":"WebPage","@id":"https:\/\/staging.midbectapeter.se\/en\/collection\/annuell-en\/11004\/","url":"https:\/\/staging.midbectapeter.se\/en\/collection\/annuell-en\/11004\/","name":"Tapetm\u00f6nster 11004 EN | Midbec Tapeter","isPartOf":{"@id":"https:\/\/staging.midbectapeter.se\/en\/#website"},"primaryImageOfPage":{"@id":"https:\/\/staging.midbectapeter.se\/en\/collection\/annuell-en\/11004\/#primaryimage"},"image":{"@id":"https:\/\/staging.midbectapeter.se\/en\/collection\/annuell-en\/11004\/#primaryimage"},"thumbnailUrl":"https:\/\/staging.midbectapeter.se\/wp-content\/uploads\/11004.jpg","datePublished":"2024-04-17T12:27:41+00:00","dateModified":"2024-06-27T07:26:11+00:00","breadcrumb":{"@id":"https:\/\/staging.midbectapeter.se\/en\/collection\/annuell-en\/11004\/#breadcrumb"},"inLanguage":"en-US","potentialAction":[{"@type":"ReadAction","target":["https:\/\/staging.midbectapeter.se\/en\/collection\/annuell-en\/11004\/"]}]},{"@type":"ImageObject","inLanguage":"en-US","@id":"https:\/\/staging.midbectapeter.se\/en\/collection\/annuell-en\/11004\/#primaryimage","url":"https:\/\/staging.midbectapeter.se\/wp-content\/uploads\/11004.jpg","contentUrl":"https:\/\/staging.midbectapeter.se\/wp-content\/uploads\/11004.jpg","width":500,"height":500},{"@type":"BreadcrumbList","@id":"https:\/\/staging.midbectapeter.se\/en\/collection\/annuell-en\/11004\/#breadcrumb","itemListElement":[{"@type":"ListItem","position":1,"name":"Hem","item":"https:\/\/staging.midbectapeter.se\/en\/"},{"@type":"ListItem","position":2,"name":"Products","item":"https:\/\/staging.midbectapeter.se\/en\/shop\/"},{"@type":"ListItem","position":3,"name":"11004 EN"}]},{"@type":"WebSite","@id":"https:\/\/staging.midbectapeter.se\/en\/#website","url":"https:\/\/staging.midbectapeter.se\/en\/","name":"Midbec 2.0 [DEV]","description":"","publisher":{"@id":"https:\/\/staging.midbectapeter.se\/en\/#organization"},"potentialAction":[{"@type":"SearchAction","target":{"@type":"EntryPoint","urlTemplate":"https:\/\/staging.midbectapeter.se\/en\/?s={search_term_string}"},"query-input":{"@type":"PropertyValueSpecification","valueRequired":true,"valueName":"search_term_string"}}],"inLanguage":"en-US"},{"@type":"Organization","@id":"https:\/\/staging.midbectapeter.se\/en\/#organization","name":"Midbec Tapeter","url":"https:\/\/staging.midbectapeter.se\/en\/","logo":{"@type":"ImageObject","inLanguage":"en-US","@id":"https:\/\/staging.midbectapeter.se\/en\/#\/schema\/logo\/image\/","url":"https:\/\/staging.midbectapeter.se\/wp-content\/uploads\/2022\/02\/midbec-logo-black.svg","contentUrl":"https:\/\/staging.midbectapeter.se\/wp-content\/uploads\/2022\/02\/midbec-logo-black.svg","width":1,"height":1,"caption":"Midbec Tapeter"},"image":{"@id":"https:\/\/staging.midbectapeter.se\/en\/#\/schema\/logo\/image\/"},"sameAs":["https:\/\/www.facebook.com\/midbectapeter","https:\/\/www.instagram.com\/midbectapeter\/","https:\/\/www.pinterest.se\/midbec\/"]},{"@type":"Product","name":"11004 EN","image":["https:\/\/staging.midbectapeter.se\/wp-content\/uploads\/11004.jpg"],"offers":{"@type":"Offer","priceCurrency":"SEK","price":"Ca:&nbsp;80","availability":"https:\/\/schema.org\/InStock","url":"https:\/\/staging.midbectapeter.se\/en\/collection\/annuell-en\/11004\/"},"description":"Skapa ett varmt och v\u00e4lkomnande hem med detta h\u00e4rliga m\u00f6nster designat av Bj\u00f6rn Nilsson. Denna tapet med neutral brungr\u00e5 botten \u00e4r fylld av vackra blommor som sitter t\u00e4tt intill varandra. Finns i ytterligare fem f\u00e4rgst\u00e4llningar.","brand":{"@type":"Brand","name":"Midbec Tapeter"},"sku":"11004","category":"Annuell","material":"Non-woven","color":"Gray","productID":138382}]}},"_links":{"self":[{"href":"https:\/\/staging.midbectapeter.se\/en\/wp-json\/wp\/v2\/product\/138382","targetHints":{"allow":["GET"]}}],"collection":[{"href":"https:\/\/staging.midbectapeter.se\/en\/wp-json\/wp\/v2\/product"}],"about":[{"href":"https:\/\/staging.midbectapeter.se\/en\/wp-json\/wp\/v2\/types\/product"}],"replies":[{"embeddable":true,"href":"https:\/\/staging.midbectapeter.se\/en\/wp-json\/wp\/v2\/comments?post=138382"}],"wp:featuredmedia":[{"embeddable":true,"href":"https:\/\/staging.midbectapeter.se\/en\/wp-json\/wp\/v2\/media\/120118"}],"wp:attachment":[{"href":"https:\/\/staging.midbectapeter.se\/en\/wp-json\/wp\/v2\/media?parent=138382"}],"wp:term":[{"taxonomy":"product_brand","embeddable":true,"href":"https:\/\/staging.midbectapeter.se\/en\/wp-json\/wp\/v2\/product_brand?post=138382"},{"taxonomy":"product_cat","embeddable":true,"href":"https:\/\/staging.midbectapeter.se\/en\/wp-json\/wp\/v2\/product_cat?post=138382"},{"taxonomy":"product_tag","embeddable":true,"href":"https:\/\/staging.midbectapeter.se\/en\/wp-json\/wp\/v2\/product_tag?post=138382"},{"taxonomy":"texture_surface","embeddable":true,"href":"https:\/\/staging.midbectapeter.se\/en\/wp-json\/wp\/v2\/texture_surface?post=138382"},{"taxonomy":"designers","embeddable":true,"href":"https:\/\/staging.midbectapeter.se\/en\/wp-json\/wp\/v2\/designers?post=138382"},{"taxonomy":"cat_colors","embeddable":true,"href":"https:\/\/staging.midbectapeter.se\/en\/wp-json\/wp\/v2\/cat_colors?post=138382"},{"taxonomy":"cat_patterns","embeddable":true,"href":"https:\/\/staging.midbectapeter.se\/en\/wp-json\/wp\/v2\/cat_patterns?post=138382"},{"taxonomy":"cat_styles","embeddable":true,"href":"https:\/\/staging.midbectapeter.se\/en\/wp-json\/wp\/v2\/cat_styles?post=138382"},{"taxonomy":"cat_rooms","embeddable":true,"href":"https:\/\/staging.midbectapeter.se\/en\/wp-json\/wp\/v2\/cat_rooms?post=138382"}],"curies":[{"name":"wp","href":"https:\/\/api.w.org\/{rel}","templated":true}]}}